{"id":598,"date":"2024-02-08T15:56:44","date_gmt":"2024-02-08T14:56:44","guid":{"rendered":"https:\/\/clic.chimie.unistra.fr\/?page_id=598"},"modified":"2026-01-09T13:52:33","modified_gmt":"2026-01-09T12:52:33","slug":"dr-victor-mamane","status":"publish","type":"page","link":"https:\/\/clic.chimie.unistra.fr\/?page_id=598","title":{"rendered":"Dr. Victor MAMANE"},"content":{"rendered":"<p style=\"text-align: center;\">CNRS Research Director<br \/>\nInstitut de Chimie de Strasbourg, UMR CNRS 7177 \u2013 Team CLIC (director)<br \/>\nDirector of GDR Sigma-Hole<br \/>\nE-mail: vmamane@unistra.fr<br \/>\nORCID: 0000-0001-8996-7880; Researcher ID: D-9263-2019<br \/>\nWebsites: https:\/\/clic.chimie.unistra.fr\/; www.asymhole.cnrs.fr<\/p>\n<p style=\"text-align: center;\"><strong><span style=\"color: #800080;\">Full list of publications<\/span><\/strong> <a href=\"https:\/\/www.asymhole.cnrs.fr\/wp-content\/uploads\/2026\/01\/Liste-Publications_Jan2026.pdf\">click here<\/a><\/p>\n<p style=\"text-align: center;\"><span style=\"font-size: 14pt;\"><strong>Research Interests<\/strong><\/span><\/p>\n<p style=\"text-align: center;\">\u00a0Chemistry of nitrogen ligands: pyridine, 4,4\u2019-bipyridine, atropisomery<br \/>\nOrganocatalysis through halogen and chalcogen bonds<br \/>\nStudy of halogen and chalcogen bonds in solution (HPLC, NMR, ITC)<\/p>\n<p style=\"text-align: center;\"><span style=\"font-size: 14pt;\"><strong>Education<\/strong><\/span><\/p>\n<p style=\"text-align: center;\">\u00a0Juin 2011 : Habilitation \u00e0 Diriger des Recherches (HDR), Universit\u00e9 de Lorraine<br \/>\n1998\u20132001 : Th\u00e8se de Chimie Organique, Universit\u00e9 Paris XI, Orsay.<br \/>\nJuillet 1998 : DEA de Chimie Organique, Universit\u00e9 Paris XI, Orsay.<\/p>\n<p style=\"text-align: center;\"><span style=\"font-size: 14pt;\"><strong>Appointments<\/strong><\/span><\/p>\n<p style=\"text-align: center;\">\u00a0Since Oct. 2023: DR2, Institut de Chimie de Strasbourg, UMR 7177, Universit\u00e9 de Strasbourg.<\/p>\n<p style=\"text-align: center;\">\u00a0Oct. 2014 \u2013 Sept. 2023: CR1 then CNCR (2018), Institut de Chimie de Strasbourg, UMR 7177, Universit\u00e9 de Strasbourg.<\/p>\n<p style=\"text-align: center;\">Oct. 2004 \u2013 Sept. 2013: CR2 then CR1 (2008), Laboratoire SRSMC, UMR 7565, UHP Nancy 1, Universit\u00e9 de Lorraine.<\/p>\n<p style=\"text-align: center;\">Oct. 2003 \u2013 Sept 2004: Post-doc associate, Max-Planck-Institut in Dortmund (Germany) with Prof. H. Waldmann. Solid phase synthesis of \u03b1 , \u03b2 -unsaturated lactones.<\/p>\n<p style=\"text-align: center;\">Oct. 2001 \u2013 Sept. 2003: Post-doc, Max-Planck-Institut in M\u00fclheim (Germany) withProf. A. F\u00fcrstner. Late transition metals as \u03c0 -acids.<\/p>\n<p style=\"text-align: center;\">Oct. 1998 \u2013 Sept. 2001: PhD Thesis, Universit\u00e9 d\u2019Orsay (Paris XI), Laboratoire de Catalyse Mol\u00e9culaire (Prof. O. Riant). Assemblages de polyferroc\u00e8nes chiraux dans des structures \u00e0 haut degr\u00e9 de sym\u00e9trie. Synth\u00e8se et propri\u00e9t\u00e9s physicochimiques.<\/p>\n","protected":false},"excerpt":{"rendered":"<p>CNRS Research Director Institut de Chimie de Strasbourg, UMR CNRS 7177 \u2013 Team CLIC (director) Director of GDR Sigma-Hole E-mail: vmamane@unistra.fr ORCID: 0000-0001-8996-7880; Researcher ID: D-9263-2019 Websites: https:\/\/clic.chimie.unistra.fr\/; www.asymhole.cnrs.fr Full&#8230; <span class=\"more-link\"><a href=\"https:\/\/clic.chimie.unistra.fr\/?page_id=598\">Read More<\/a><\/span><\/p>\n","protected":false},"author":1,"featured_media":0,"parent":0,"menu_order":0,"comment_status":"closed","ping_status":"closed","template":"","meta":{"footnotes":""},"class_list":["post-598","page","type-page","status-publish","hentry"],"_links":{"self":[{"href":"https:\/\/clic.chimie.unistra.fr\/index.php?rest_route=\/wp\/v2\/pages\/598","targetHints":{"allow":["GET"]}}],"collection":[{"href":"https:\/\/clic.chimie.unistra.fr\/index.php?rest_route=\/wp\/v2\/pages"}],"about":[{"href":"https:\/\/clic.chimie.unistra.fr\/index.php?rest_route=\/wp\/v2\/types\/page"}],"author":[{"embeddable":true,"href":"https:\/\/clic.chimie.unistra.fr\/index.php?rest_route=\/wp\/v2\/users\/1"}],"replies":[{"embeddable":true,"href":"https:\/\/clic.chimie.unistra.fr\/index.php?rest_route=%2Fwp%2Fv2%2Fcomments&post=598"}],"version-history":[{"count":6,"href":"https:\/\/clic.chimie.unistra.fr\/index.php?rest_route=\/wp\/v2\/pages\/598\/revisions"}],"predecessor-version":[{"id":696,"href":"https:\/\/clic.chimie.unistra.fr\/index.php?rest_route=\/wp\/v2\/pages\/598\/revisions\/696"}],"wp:attachment":[{"href":"https:\/\/clic.chimie.unistra.fr\/index.php?rest_route=%2Fwp%2Fv2%2Fmedia&parent=598"}],"curies":[{"name":"wp","href":"https:\/\/api.w.org\/{rel}","templated":true}]}}