{"id":81,"date":"2014-06-20T12:49:37","date_gmt":"2014-06-20T11:49:37","guid":{"rendered":"http:\/\/lclac.chimie.unistra.fr\/?page_id=81"},"modified":"2024-02-09T10:13:21","modified_gmt":"2024-02-09T09:13:21","slug":"coming","status":"publish","type":"page","link":"https:\/\/clic.chimie.unistra.fr\/?page_id=81","title":{"rendered":"Upcoming Events"},"content":{"rendered":"<p style=\"text-align: center;\"><strong>16 f\u00e9vrier Conf\u00e9rence Benezra-Kern<\/strong><\/p>\n<p style=\"text-align: center;\">Pr Jean-Fran\u00e7ois GUILLEMOLES <em>(inv. jweiss@unistra.fr)<\/em><\/p>\n<p style=\"text-align: center;\"><em>Institut Photovolta\u00efque d\u2019Ile de France <\/em><\/p>\n<p style=\"text-align: center;\">\n<p style=\"text-align: center;\"><strong>Photovoltaic solar power in solutions for energy and the environment<\/strong><\/p>\n<p style=\"text-align: center;\">\n<p style=\"text-align: center;\">Abstract available at: https:\/\/seafile.unistra.fr\/f\/90e3e2919c704307a9d6\/<em>\u00a0<\/em><\/p>\n<p style=\"text-align: center;\">\n<p style=\"text-align: center;\"><strong>23 f\u00e9vrier <\/strong><\/p>\n<p style=\"text-align: center;\">\n<p style=\"text-align: center;\">Prof. Niels METZLER-NOLTE (<em>inv.pfaller@unistra.fr)<\/em><\/p>\n<p style=\"text-align: center;\">Ruhr-Universit\u00e4t, Bochum<\/p>\n<p style=\"text-align: center;\">\n<p style=\"text-align: center;\"><em>Title to be announced<\/em><\/p>\n<p style=\"text-align: center;\">\n<p style=\"text-align: center;\"><strong>Mars 2024<\/strong><\/p>\n<p style=\"text-align: center;\">\n<p style=\"text-align: center;\">\n<p style=\"text-align: center;\"><strong>1er mars <\/strong><\/p>\n<p style=\"text-align: center;\">Pr Jean-Fran\u00e7ois CARPENTIER <em>\u00a0<\/em>\u00a0\u00a0 \u00a0<em>(inv. dagorne@unistra.fr)<\/em><\/p>\n<p style=\"text-align: center;\"><em>ISC Rennes<\/em><\/p>\n<p style=\"text-align: center;\">\n<p style=\"text-align: center;\"><em>Title to be announced<\/em><\/p>\n<p style=\"text-align: center;\">\n<p style=\"text-align: center;\"><strong>8 mars <\/strong><\/p>\n<p style=\"text-align: center;\">\n<p style=\"text-align: center;\"><strong>Journ\u00e9e Soci\u00e9t\u00e9 Chimique de France \u00e0 la Facult\u00e9 de Chimie <\/strong><\/p>\n<p style=\"text-align: center;\">\n<p style=\"text-align: center;\"><strong>15 mars <\/strong><\/p>\n<p style=\"text-align: center;\">Pr Gregory NOCTON <em>(inv. dagorne@unistra.fr)<\/em><\/p>\n<p style=\"text-align: center;\">Ecole Polytechnique<\/p>\n<p style=\"text-align: center;\">\n<p style=\"text-align: center;\"><em>Title to be announced<\/em><\/p>\n<p style=\"text-align: center;\">\n<p style=\"text-align: center;\"><strong>22 mars<\/strong><\/p>\n<p style=\"text-align: center;\">Dr. Fran\u00e7ois JEROME <u><em>(inv. ferlay@unistra.fr)<\/em><\/u><\/p>\n<p style=\"text-align: center;\">IC2MP, Poitiers<\/p>\n<p style=\"text-align: center;\">\n<p style=\"text-align: center;\"><em>Title to be announced<\/em><\/p>\n<p style=\"text-align: center;\">\n<p style=\"text-align: center;\">Abstract available at:<\/p>\n<p style=\"text-align: center;\">\n<p style=\"text-align: center;\"><strong>29 mars <\/strong><strong>VENDREDI SAINT<\/strong><\/p>\n<p style=\"text-align: center;\">\n<p style=\"text-align: center;\"><strong>Avril 2024<\/strong><\/p>\n<p style=\"text-align: center;\">\n<p style=\"text-align: center;\"><strong>5 avril <\/strong><\/p>\n<p style=\"text-align: center;\">Pr Dr. Henning Jacob JESSEN <em>(inv. moran@unistra.fr)<\/em><\/p>\n<p style=\"text-align: center;\">Albert-Ludwigs-University of Freiburg<\/p>\n<p style=\"text-align: center;\">\n<p style=\"text-align: center;\"><em>Title to be announced<\/em><\/p>\n<p style=\"text-align: center;\">\n<p style=\"text-align: center;\"><strong>12 avril <\/strong><\/p>\n<p style=\"text-align: center;\">Pr. Gwilherm EVANO, ULB, Bruxelles <em>(inv. desageelmurr@unistra.fr)<\/em><\/p>\n<p style=\"text-align: center;\"><em>Title to be announced<\/em><\/p>\n<p style=\"text-align: center;\">\n<p style=\"text-align: center;\">\n<p style=\"text-align: center;\"><strong>19 avril<\/strong><\/p>\n<p style=\"text-align: center;\">Pr. Nick LANE, <em>\u00a0\u00a0 (inv. moran@unistra.fr)<\/em><\/p>\n<p style=\"text-align: center;\">University College London, UK<\/p>\n<p style=\"text-align: center;\"><em>Title to be announced<\/em><\/p>\n<p style=\"text-align: center;\">\n<p style=\"text-align: center;\"><strong>26 avril<\/strong>\u00a0 <strong>Conf\u00e9rence OSBORN<\/strong><\/p>\n<p style=\"text-align: center;\">Pr. Louis FENSTERBANK <em>(inv. desageelmurr@unistra.fr)<\/em><\/p>\n<p style=\"text-align: center;\">Coll\u00e8ge de France<\/p>\n<p style=\"text-align: center;\"><em>Title to be announced<\/em><\/p>\n<p style=\"text-align: center;\">\n<p style=\"text-align: center;\"><strong>Mai 2024<\/strong><\/p>\n<p style=\"text-align: center;\">\n<p style=\"text-align: center;\"><strong>3 mai <\/strong><\/p>\n<p style=\"text-align: center;\">Professor Albert SCHENNING\u00a0 <em>(Inv. jweiss@unistra.fr)<\/em><\/p>\n<p style=\"text-align: center;\">(TUE, Netherlands)<\/p>\n<p style=\"text-align: center;\">\n<p style=\"text-align: center;\"><em>Title to be announced<\/em><\/p>\n<p style=\"text-align: center;\">\n<p style=\"text-align: center;\"><strong>10 mai <\/strong><\/p>\n<p style=\"text-align: center;\"><strong>Pont de l\u2019Ascension (jeudi 9) et du mercredi 8 mai No seminar<\/strong><\/p>\n<p style=\"text-align: center;\">\n<p style=\"text-align: center;\"><strong>17 mai <\/strong><\/p>\n<p style=\"text-align: center;\">Pr <em>(inv. dagorne@unistra.fr)<\/em><\/p>\n<p style=\"text-align: center;\">Pr.\u00a0 Rudi WEHMSCHULTE<\/p>\n<p style=\"text-align: center;\">Florida Institute of Technology<\/p>\n<p style=\"text-align: center;\">\n<p style=\"text-align: center;\"><strong>Making Salt Soluble in Olive Oil: Steps towards the Chemistry of Pseudo-Naked Cation<\/strong>s<\/p>\n<p style=\"text-align: center;\">\n<p style=\"text-align: center;\"><strong>24 mai <\/strong><\/p>\n<p style=\"text-align: center;\">Pr. Konrad TIEFENBACHER <u><em>(inv. dsemeril@unistra.fr)<\/em><\/u><\/p>\n<p style=\"text-align: center;\">\u00a0Department of Chemistry, Uni. Basel, Switzerland<\/p>\n<p style=\"text-align: center;\">\n<p style=\"text-align: center;\"><strong>Catalysis inside a supramolecular capsule<\/strong><\/p>\n<p style=\"text-align: center;\">\n<p style=\"text-align: center;\">Abstract available at: https:\/\/seafile.unistra.fr\/f\/6ac9cf4c856b4069864f\/<\/p>\n<p style=\"text-align: center;\">\n<p style=\"text-align: center;\">\n<p style=\"text-align: center;\"><strong>31 mai <\/strong><\/p>\n<p style=\"text-align: center;\">Pr. Damien BAIGL, ENS <em>(inv. jweiss@unistra.fr) <\/em><\/p>\n<p style=\"text-align: center;\"><em>Title to be announced<\/em><\/p>\n<p style=\"text-align: center;\">\n<p style=\"text-align: center;\">\n<p style=\"text-align: center;\"><strong>Juin 2024<\/strong><\/p>\n<p style=\"text-align: center;\">\n<p style=\"text-align: center;\">\n<p style=\"text-align: center;\"><strong>7 juin <\/strong><\/p>\n<p style=\"text-align: center;\">Dr. Raphael Guerois <em>(<\/em><em>inv. fromagere@unistra.fr<\/em><em>)<\/em><\/p>\n<p style=\"text-align: center;\">(CEA)<\/p>\n<p style=\"text-align: center;\"><em>Title to be announced<\/em><\/p>\n<p style=\"text-align: center;\">\n<p style=\"text-align: center;\"><strong>14 juin <\/strong><\/p>\n<p style=\"text-align: center;\">Pr ()<\/p>\n<p style=\"text-align: center;\"><em>Title to be announced<\/em><\/p>\n<p style=\"text-align: center;\">\n<p style=\"text-align: center;\"><strong>21 juin <\/strong><\/p>\n<p style=\"text-align: center;\">Dr. Thomas DEVIC <em>(inv. sbaudron@unistra.fr)<\/em><\/p>\n<p style=\"text-align: center;\">Institut des Mat\u00e9riaux Jean Rouxel de Nantes<\/p>\n<p style=\"text-align: center;\"><em>Title to be announced<\/em><\/p>\n<p style=\"text-align: center;\">\n<p style=\"text-align: center;\"><strong>28 juin <\/strong><\/p>\n<p style=\"text-align: center;\">Pr ()<\/p>\n<p style=\"text-align: center;\"><em>Title to be announced<\/em><\/p>\n<p style=\"text-align: center;\">\n","protected":false},"excerpt":{"rendered":"<p>16 f\u00e9vrier Conf\u00e9rence Benezra-Kern Pr Jean-Fran\u00e7ois GUILLEMOLES (inv. jweiss@unistra.fr) Institut Photovolta\u00efque d\u2019Ile de France Photovoltaic solar power in solutions for energy and the environment Abstract available at: https:\/\/seafile.unistra.fr\/f\/90e3e2919c704307a9d6\/\u00a0 23 f\u00e9vrier&#8230; <span class=\"more-link\"><a href=\"https:\/\/clic.chimie.unistra.fr\/?page_id=81\">Read More<\/a><\/span><\/p>\n","protected":false},"author":1,"featured_media":254,"parent":0,"menu_order":0,"comment_status":"closed","ping_status":"closed","template":"","meta":{"footnotes":""},"class_list":["post-81","page","type-page","status-publish","has-post-thumbnail","hentry"],"_links":{"self":[{"href":"https:\/\/clic.chimie.unistra.fr\/index.php?rest_route=\/wp\/v2\/pages\/81","targetHints":{"allow":["GET"]}}],"collection":[{"href":"https:\/\/clic.chimie.unistra.fr\/index.php?rest_route=\/wp\/v2\/pages"}],"about":[{"href":"https:\/\/clic.chimie.unistra.fr\/index.php?rest_route=\/wp\/v2\/types\/page"}],"author":[{"embeddable":true,"href":"https:\/\/clic.chimie.unistra.fr\/index.php?rest_route=\/wp\/v2\/users\/1"}],"replies":[{"embeddable":true,"href":"https:\/\/clic.chimie.unistra.fr\/index.php?rest_route=%2Fwp%2Fv2%2Fcomments&post=81"}],"version-history":[{"count":16,"href":"https:\/\/clic.chimie.unistra.fr\/index.php?rest_route=\/wp\/v2\/pages\/81\/revisions"}],"predecessor-version":[{"id":627,"href":"https:\/\/clic.chimie.unistra.fr\/index.php?rest_route=\/wp\/v2\/pages\/81\/revisions\/627"}],"wp:featuredmedia":[{"embeddable":true,"href":"https:\/\/clic.chimie.unistra.fr\/index.php?rest_route=\/wp\/v2\/media\/254"}],"wp:attachment":[{"href":"https:\/\/clic.chimie.unistra.fr\/index.php?rest_route=%2Fwp%2Fv2%2Fmedia&parent=81"}],"curies":[{"name":"wp","href":"https:\/\/api.w.org\/{rel}","templated":true}]}}